{"id":13,"date":"2022-05-11T12:27:34","date_gmt":"2022-05-11T15:27:34","guid":{"rendered":"https:\/\/digitalvision.com.ar\/web\/?page_id=13"},"modified":"2022-05-30T11:58:18","modified_gmt":"2022-05-30T14:58:18","slug":"home","status":"publish","type":"page","link":"https:\/\/digitalvision.com.ar\/web\/","title":{"rendered":"Home"},"content":{"rendered":"<div class=\"wpb-content-wrapper\"><p>[vc_row full_width=\u00bbstretch_row_content_no_spaces\u00bb css=\u00bb.vc_custom_1653415753642{padding-top: 0px !important;}\u00bb][vc_column][vc_column_text css_animation=\u00bbnone\u00bb css=\u00bb.vc_custom_1653416707046{padding-top: 0px !important;}\u00bb]https:\/\/www.youtube.com\/watch?v=tx0FKRWDXtA[\/vc_column_text][\/vc_column][\/vc_row][vc_row full_width=\u00bbstretch_row\u00bb css=\u00bb.vc_custom_1653415765416{background-color: #ffffff !important;}\u00bb][vc_column][vc_column_text]<\/p>\n<h1 style=\"text-align: center;\"><span style=\"color: #000000;\"><strong>SERVICIOS<\/strong><\/span><\/h1>\n<p>[\/vc_column_text][vc_row_inner gap=\u00bb35&#8243;][vc_column_inner width=\u00bb1\/3&#8243;][vc_icon type=\u00bblinecons\u00bb icon_linecons=\u00bbvc_li vc_li-world\u00bb color=\u00bbblack\u00bb align=\u00bbcenter\u00bb][vc_column_text]<\/p>\n<h3 style=\"text-align: center;\"><a href=\"https:\/\/digitalvision.com.ar\/web\/realidad-aumentada\/\"><span style=\"color: #000000;\"><strong>REALIDAD AUMENTADA<\/strong><\/span><\/a><\/h3>\n<p>[\/vc_column_text][vc_column_text]<\/p>\n<p style=\"text-align: center;\"><span style=\"color: #000000;\">Desarrollamos Realidad Aumentada de alta calidad para Web, M\u00f3viles y Eventos.<\/span><\/p>\n<p>[\/vc_column_text][\/vc_column_inner][vc_column_inner width=\u00bb1\/3&#8243;][vc_icon type=\u00bbentypo\u00bb icon_entypo=\u00bbentypo-icon entypo-icon-mobile\u00bb color=\u00bbblack\u00bb align=\u00bbcenter\u00bb][vc_column_text]<\/p>\n<h3 style=\"text-align: center;\"><a href=\"https:\/\/digitalvision.com.ar\/web\/aplicaciones-moviles\/\"><span style=\"color: #000000;\"><strong>APLICACIONES M\u00d3VILES<\/strong><\/span><\/a><\/h3>\n<p>[\/vc_column_text][vc_column_text]<\/p>\n<p style=\"text-align: center;\"><span style=\"color: #000000;\">Tenemos un equipo de profesionales especializado en desarrollo de aplicaciones m\u00f3viles de alta calidad para Android e iOS.<\/span><\/p>\n<p>[\/vc_column_text][\/vc_column_inner][vc_column_inner width=\u00bb1\/3&#8243;][vc_icon icon_fontawesome=\u00bbfas fa-gamepad\u00bb color=\u00bbblack\u00bb align=\u00bbcenter\u00bb][vc_column_text]<\/p>\n<h3 style=\"text-align: center;\"><a href=\"https:\/\/digitalvision.com.ar\/web\/juegos\/\"><span style=\"color: #000000;\"><strong>JUEGOS<\/strong><\/span><\/a><\/h3>\n<p>[\/vc_column_text][vc_column_text]<span style=\"color: #000000;\">Tenemos una gran experiencia en juegos realizados para todo tipo de acciones y eventos.<\/span>[\/vc_column_text][\/vc_column_inner][\/vc_row_inner][vc_row_inner gap=\u00bb35&#8243;][vc_column_inner width=\u00bb1\/3&#8243;][vc_icon icon_fontawesome=\u00bbfas fa-running\u00bb color=\u00bbblack\u00bb align=\u00bbcenter\u00bb][vc_column_text]<\/p>\n<h3 style=\"text-align: center;\"><a href=\"https:\/\/digitalvision.com.ar\/web\/deteccion-de-movimiento\/\"><span style=\"color: #000000;\"><span style=\"color: #000000;\"><b>DETECCI\u00d3N<\/b><\/span><strong style=\"color: #000000;\"> DE MOVIMIENTO<\/strong><\/span><\/a><\/h3>\n<p>[\/vc_column_text][vc_column_text]<\/p>\n<p style=\"text-align: center;\"><span style=\"color: #000000;\">La tecnolog\u00eda de detecci\u00f3n de movimiento permite generar experiencias \u00fanicas en los participantes, generando una gran presencia y distinci\u00f3n para la marca.<\/span><\/p>\n<p>[\/vc_column_text][\/vc_column_inner][vc_column_inner width=\u00bb1\/3&#8243;][vc_icon icon_fontawesome=\u00bbfas fa-vr-cardboard\u00bb color=\u00bbblack\u00bb align=\u00bbcenter\u00bb][vc_column_text]<\/p>\n<h3 style=\"text-align: center;\"><a href=\"https:\/\/digitalvision.com.ar\/web\/realidad-virtual\/\"><span style=\"color: #000000;\"><strong>REALIDAD VIRTUAL<\/strong><\/span><\/a><\/h3>\n<p>[\/vc_column_text][vc_column_text]<\/p>\n<p style=\"text-align: center;\"><span style=\"color: #000000;\">La tecnolog\u00eda de Realidad Virtual permite vivir situaciones \u00fanicas en los participantes , generando una gran presencia y distinci\u00f3n para la marca.<\/span><\/p>\n<p>[\/vc_column_text][\/vc_column_inner][vc_column_inner width=\u00bb1\/3&#8243;][vc_icon icon_fontawesome=\u00bbfar fa-building\u00bb color=\u00bbblack\u00bb align=\u00bbcenter\u00bb][vc_column_text]<\/p>\n<h3 style=\"text-align: center;\"><a href=\"https:\/\/digitalvision.com.ar\/web\/arquitectura-3d\/\"><span style=\"color: #000000;\"><strong>ARQUITECTURA 3D<\/strong><\/span><\/a><\/h3>\n<p>[\/vc_column_text][vc_column_text]<span style=\"color: #000000;\">Renders hiperfotorrealistas\u00a0 y modelado 3D para proyectos de arquitectura<\/span>[\/vc_column_text][\/vc_column_inner][\/vc_row_inner][\/vc_column][\/vc_row][vc_row full_width=\u00bbstretch_row\u00bb css=\u00bb.vc_custom_1653415773711{background-color: #ffffff !important;}\u00bb][vc_column][vc_empty_space][vc_column_text]<\/p>\n<h1 style=\"text-align: center;\"><span style=\"color: #000000;\"><strong>TRABAJOS RECIENTES<\/strong><\/span><\/h1>\n<p>[\/vc_column_text][vc_row_inner][vc_column_inner][vc_basic_grid post_type=\u00bbportfolio\u00bb max_items=\u00bb4&#8243; style=\u00bblazy\u00bb items_per_page=\u00bb4&#8243; element_width=\u00bb3&#8243; gap=\u00bb5&#8243; item=\u00bb397&#8243; initial_loading_animation=\u00bbnone\u00bb grid_id=\u00bbvc_gid:1653922659615-e8f4313e-077f-1&#8243; taxonomies=\u00bb9&#8243;][\/vc_column_inner][\/vc_row_inner][\/vc_column][\/vc_row]<\/p>\n<\/div>","protected":false},"excerpt":{"rendered":"<p>[vc_row full_width=\u00bbstretch_row_content_no_spaces\u00bb css=\u00bb.vc_custom_1653415753642{padding-top: 0px !important;}\u00bb][vc_column][vc_column_text css_animation=\u00bbnone\u00bb css=\u00bb.vc_custom_1653416707046{padding-top: 0px !important;}\u00bb]https:\/\/www.youtube.com\/watch?v=tx0FKRWDXtA[\/vc_column_text][\/vc_column][\/vc_row][vc_row full_width=\u00bbstretch_row\u00bb css=\u00bb.vc_custom_1653415765416{background-color: #ffffff !important;}\u00bb][vc_column][vc_column_text] SERVICIOS [\/vc_column_text][vc_row_inner gap=\u00bb35&#8243;][vc_column_inner width=\u00bb1\/3&#8243;][vc_icon type=\u00bblinecons\u00bb icon_linecons=\u00bbvc_li vc_li-world\u00bb color=\u00bbblack\u00bb align=\u00bbcenter\u00bb][vc_column_text] REALIDAD AUMENTADA [\/vc_column_text][vc_column_text] Desarrollamos Realidad Aumentada de alta calidad para Web, M\u00f3viles y Eventos. [\/vc_column_text][\/vc_column_inner][vc_column_inner width=\u00bb1\/3&#8243;][vc_icon type=\u00bbentypo\u00bb icon_entypo=\u00bbentypo-icon entypo-icon-mobile\u00bb color=\u00bbblack\u00bb align=\u00bbcenter\u00bb][vc_column_text] APLICACIONES M\u00d3VILES [\/vc_column_text][vc_column_text] Tenemos un equipo de profesionales especializado en desarrollo de [&hellip;]<\/p>\n","protected":false},"author":3,"featured_media":0,"parent":0,"menu_order":0,"comment_status":"closed","ping_status":"closed","template":"template-homepage-slider.php","meta":{"footnotes":""},"class_list":["post-13","page","type-page","status-publish","hentry"],"_links":{"self":[{"href":"https:\/\/digitalvision.com.ar\/web\/wp-json\/wp\/v2\/pages\/13","targetHints":{"allow":["GET"]}}],"collection":[{"href":"https:\/\/digitalvision.com.ar\/web\/wp-json\/wp\/v2\/pages"}],"about":[{"href":"https:\/\/digitalvision.com.ar\/web\/wp-json\/wp\/v2\/types\/page"}],"author":[{"embeddable":true,"href":"https:\/\/digitalvision.com.ar\/web\/wp-json\/wp\/v2\/users\/3"}],"replies":[{"embeddable":true,"href":"https:\/\/digitalvision.com.ar\/web\/wp-json\/wp\/v2\/comments?post=13"}],"version-history":[{"count":102,"href":"https:\/\/digitalvision.com.ar\/web\/wp-json\/wp\/v2\/pages\/13\/revisions"}],"predecessor-version":[{"id":474,"href":"https:\/\/digitalvision.com.ar\/web\/wp-json\/wp\/v2\/pages\/13\/revisions\/474"}],"wp:attachment":[{"href":"https:\/\/digitalvision.com.ar\/web\/wp-json\/wp\/v2\/media?parent=13"}],"curies":[{"name":"wp","href":"https:\/\/api.w.org\/{rel}","templated":true}]}}